{"id":10,"date":"2018-02-06T15:00:41","date_gmt":"2018-02-06T14:00:41","guid":{"rendered":"http:\/\/wp.permanent-makeup-rathenow.de\/?page_id=10"},"modified":"2024-04-22T09:17:52","modified_gmt":"2024-04-22T08:17:52","slug":"kosmetik","status":"publish","type":"page","link":"http:\/\/permanent-makeup-rathenow.de\/wordpress_01\/kosmetik\/","title":{"rendered":"Kosmetik"},"content":{"rendered":"<table style=\"width: 309px; height: 1751px; text-align: left; margin-left: auto; margin-right: auto;\" border=\"0\" cellspacing=\"0\" cellpadding=\"0\">\n<tbody>\n<tr>\n<td style=\"text-align: center; vertical-align: top;\">\n<h4><strong>Basis &#8211; Gesichtsbehandlung<\/strong><\/h4>\n<p>Reinigen, Tonisieren, Vapozon ausreinigen, Augenbrauenkorrektur,<br \/>\nMassage, Maske, Abschlu\u00dfcreme,<br \/>\n60 min 3<strong>9,- \u20ac<\/strong><\/p>\n<h4><strong>Spezial &#8211; Gesichtsbehandlung<\/strong><\/h4>\n<p>Reinigen, Tonisieren, Vapozon ausreinigen, Augenbrauenkorrektur,<br \/>\nMassage, Ampulle, Abschlu\u00dfcreme<br \/>\n75 min 4<strong>9,- \u20ac<\/strong><\/p>\n<h4><strong>Intensiv &#8211; Gesichtsbehandlung<\/strong><\/h4>\n<p>B\u00fcrstenreinigung, Tonisieren, Vapozon ausreinigen, B\u00fcrsten- peeling,<br \/>\nAugenbrauenkorrektur mit Ultraschall, Abschlu\u00dfpflege<br \/>\n90 min <strong>59,- \u20ac<\/strong><\/p>\n<h4><strong>R\u00fcckenbehandlung<\/strong><\/h4>\n<p>Reinigen, Tonisieren, Peeling,<br \/>\nAusreinigung, Maske (15 Min.), Abschlu\u00dfpflege<br \/>\n45 min ab <strong>39,- \u20ac<\/strong><\/p>\n<h4><strong>Waxing<\/strong><\/h4>\n<p>Oberlippe <strong>10,- \u20ac<\/strong><br \/>\nOberlippe, Kinn <strong>19,- \u20ac<\/strong><br \/>\nOberlippe, Kinn, Wangen <strong>25,- \u20ac<\/strong><br \/>\nAchsel <strong>19,- \u20ac<\/strong><br \/>\nArme komplett <strong>35,- \u20ac<\/strong><br \/>\nBeine komplett <strong>35,- \u20ac<\/strong><\/p>\n<h4><strong>Ultraschall<\/strong><\/h4>\n<p>Die physikalisch-chemische Wirkung:<br \/>\n&#8211; Gef\u00e4\u00dfverbesserung des Gesamthaut-<br \/>\nbildes<br \/>\n&#8211; F\u00f6rderung des Zellstoffwechsels<br \/>\n&#8211; Entkrampfung verspannter Muskulatur<br \/>\n&#8211; Verbesserung von Narben<br \/>\n&#8211; F\u00f6derung von Fettabbau<br \/>\n20 min <strong>30,-\u20ac<\/strong><\/p>\n<h4><strong>Wimpern<\/strong><\/h4>\n<p>Wimpernf\u00e4rben &amp; Augenbrauen<br \/>\nzupfen\/f\u00e4rben <strong>15,-\u20ac<\/strong><br \/>\nWimpernwelle <strong>35,-\u20ac<\/strong><br \/>\nWimpernverl\u00e4ngerung 8<strong>0,-\u20ac<\/strong><\/p>\n<h4><strong>Make up<\/strong><\/h4>\n<p>Tages Make-Up (30 min) <strong>25,-\u20ac<\/strong><br \/>\nAbend Make-Up (40 min) <strong>30,-\u20ac<\/strong><br \/>\nBraut Make-UP (60 min)<br \/>\ninkl. Pflegeampulle <strong>39,-\u20ac<\/strong><br \/>\nAbend Make-UP (90 min) mit<br \/>\nFalschen Wimpern <strong>45,-\u20ac<\/strong><br \/>\nAkne-Behandlung <strong>59.-\u20ac<\/strong><br \/>\nAqua-Peeling 10 min. <strong>10.-\u20ac<\/strong><\/td>\n<\/tr>\n<\/tbody>\n<\/table>\n","protected":false},"excerpt":{"rendered":"<p>Basis &#8211; Gesichtsbehandlung Reinigen, Tonisieren, Vapozon ausreinigen, Augenbrauenkorrektur, Massage, Maske, Abschlu\u00dfcreme, 60 min 39,- \u20ac Spezial &#8211; Gesichtsbehandlung Reinigen, Tonisieren, Vapozon ausreinigen, Augenbrauenkorrektur, Massage, Ampulle, Abschlu\u00dfcreme 75 min 49,- \u20ac Intensiv &#8211; Gesichtsbehandlung B\u00fcrstenreinigung, Tonisieren, Vapozon ausreinigen, B\u00fcrsten- peeling, Augenbrauenkorrektur mit Ultraschall, Abschlu\u00dfpflege 90 min 59,- \u20ac R\u00fcckenbehandlung Reinigen, Tonisieren, Peeling, Ausreinigung, Maske (15 Min.), &hellip; <a href=\"http:\/\/permanent-makeup-rathenow.de\/wordpress_01\/kosmetik\/\" class=\"read-more\">Read More<\/a><\/p>\n","protected":false},"author":1,"featured_media":0,"parent":0,"menu_order":0,"comment_status":"closed","ping_status":"closed","template":"","meta":{"footnotes":""},"_links":{"self":[{"href":"http:\/\/permanent-makeup-rathenow.de\/wordpress_01\/wp-json\/wp\/v2\/pages\/10"}],"collection":[{"href":"http:\/\/permanent-makeup-rathenow.de\/wordpress_01\/wp-json\/wp\/v2\/pages"}],"about":[{"href":"http:\/\/permanent-makeup-rathenow.de\/wordpress_01\/wp-json\/wp\/v2\/types\/page"}],"author":[{"embeddable":true,"href":"http:\/\/permanent-makeup-rathenow.de\/wordpress_01\/wp-json\/wp\/v2\/users\/1"}],"replies":[{"embeddable":true,"href":"http:\/\/permanent-makeup-rathenow.de\/wordpress_01\/wp-json\/wp\/v2\/comments?post=10"}],"version-history":[{"count":37,"href":"http:\/\/permanent-makeup-rathenow.de\/wordpress_01\/wp-json\/wp\/v2\/pages\/10\/revisions"}],"predecessor-version":[{"id":346,"href":"http:\/\/permanent-makeup-rathenow.de\/wordpress_01\/wp-json\/wp\/v2\/pages\/10\/revisions\/346"}],"wp:attachment":[{"href":"http:\/\/permanent-makeup-rathenow.de\/wordpress_01\/wp-json\/wp\/v2\/media?parent=10"}],"curies":[{"name":"wp","href":"https:\/\/api.w.org\/{rel}","templated":true}]}}